{"id":3590,"date":"2025-06-10T19:32:17","date_gmt":"2025-06-10T17:32:17","guid":{"rendered":"https:\/\/jost-apartmaji.si\/?page_id=3590"},"modified":"2025-06-10T19:40:26","modified_gmt":"2025-06-10T17:40:26","slug":"reservations","status":"publish","type":"page","link":"https:\/\/jost-apartmaji.si\/en\/reservations\/","title":{"rendered":"Reservations"},"content":{"rendered":"<div data-elementor-type=\"wp-page\" data-elementor-id=\"3590\" class=\"elementor elementor-3590\">\n\t\t\t\t\t\t\t\t\t<section class=\"elementor-section elementor-top-section elementor-element elementor-element-588d9f8 elementor-section-height-min-height elementor-section-boxed elementor-section-height-default elementor-section-items-middle\" data-id=\"588d9f8\" data-element_type=\"section\" data-settings=\"{&quot;background_background&quot;:&quot;classic&quot;}\">\n\t\t\t\t\t\t\t<div class=\"elementor-background-overlay\"><\/div>\n\t\t\t\t\t\t\t<div class=\"elementor-container elementor-column-gap-default\">\n\t\t\t\t\t<div class=\"elementor-column elementor-col-100 elementor-top-column elementor-element elementor-element-00c222e\" data-id=\"00c222e\" data-element_type=\"column\">\n\t\t\t<div class=\"elementor-widget-wrap elementor-element-populated\">\n\t\t\t\t\t\t\t\t<div class=\"elementor-element elementor-element-3ae506c elementor-widget elementor-widget-heading\" data-id=\"3ae506c\" data-element_type=\"widget\" data-widget_type=\"heading.default\">\n\t\t\t\t<div class=\"elementor-widget-container\">\n\t\t\t<style>\/*! elementor - v3.10.2 - 29-01-2023 *\/\n.elementor-heading-title{padding:0;margin:0;line-height:1}.elementor-widget-heading .elementor-heading-title[class*=elementor-size-]>a{color:inherit;font-size:inherit;line-height:inherit}.elementor-widget-heading .elementor-heading-title.elementor-size-small{font-size:15px}.elementor-widget-heading .elementor-heading-title.elementor-size-medium{font-size:19px}.elementor-widget-heading .elementor-heading-title.elementor-size-large{font-size:29px}.elementor-widget-heading .elementor-heading-title.elementor-size-xl{font-size:39px}.elementor-widget-heading .elementor-heading-title.elementor-size-xxl{font-size:59px}<\/style><h1 class=\"elementor-heading-title elementor-size-default\">Reservations<\/h1>\t\t<\/div>\n\t\t\t\t<\/div>\n\t\t\t\t<div class=\"elementor-element elementor-element-6b77d6a elementor-widget elementor-widget-text-editor\" data-id=\"6b77d6a\" data-element_type=\"widget\" data-widget_type=\"text-editor.default\">\n\t\t\t\t<div class=\"elementor-widget-container\">\n\t\t\t<style>\/*! elementor - v3.10.2 - 29-01-2023 *\/\n.elementor-widget-text-editor.elementor-drop-cap-view-stacked .elementor-drop-cap{background-color:#818a91;color:#fff}.elementor-widget-text-editor.elementor-drop-cap-view-framed .elementor-drop-cap{color:#818a91;border:3px solid;background-color:transparent}.elementor-widget-text-editor:not(.elementor-drop-cap-view-default) .elementor-drop-cap{margin-top:8px}.elementor-widget-text-editor:not(.elementor-drop-cap-view-default) .elementor-drop-cap-letter{width:1em;height:1em}.elementor-widget-text-editor .elementor-drop-cap{float:left;text-align:center;line-height:1;font-size:50px}.elementor-widget-text-editor .elementor-drop-cap-letter{display:inline-block}<\/style>\t\t\t\t<p>Book your stay today and experience authentic Bohinj life!<\/p>\t\t\t\t\t\t<\/div>\n\t\t\t\t<\/div>\n\t\t\t\t\t<\/div>\n\t\t<\/div>\n\t\t\t\t\t\t\t<\/div>\n\t\t<\/section>\n\t\t\t\t<section class=\"elementor-section elementor-top-section elementor-element elementor-element-81dea41 elementor-section-boxed elementor-section-height-default elementor-section-height-default\" data-id=\"81dea41\" data-element_type=\"section\">\n\t\t\t\t\t\t<div class=\"elementor-container elementor-column-gap-default\">\n\t\t\t\t\t<div class=\"elementor-column elementor-col-100 elementor-top-column elementor-element elementor-element-00026cc\" data-id=\"00026cc\" data-element_type=\"column\">\n\t\t\t<div class=\"elementor-widget-wrap elementor-element-populated\">\n\t\t\t\t\t\t\t\t<div class=\"elementor-element elementor-element-d674c4a elementor-widget elementor-widget-text-editor\" data-id=\"d674c4a\" data-element_type=\"widget\" data-widget_type=\"text-editor.default\">\n\t\t\t\t<div class=\"elementor-widget-container\">\n\t\t\t\t\t\t\t<p class=\"translation-block\">After submitting your reservation, we will send you an email with confirmation and reservation details as soon as possible. For any questions, please contact us by email at apartma.jost@siol.net or by phone at +386 (0)51 357 463.<\/p>\t\t\t\t\t\t<\/div>\n\t\t\t\t<\/div>\n\t\t\t\t<div class=\"elementor-element elementor-element-99b2a09 elementor-widget elementor-widget-text-editor\" data-id=\"99b2a09\" data-element_type=\"widget\" data-widget_type=\"text-editor.default\">\n\t\t\t\t<div class=\"elementor-widget-container\">\n\t\t\t\t\t\t\t<p><strong>Choose accommodation:<\/strong><\/p>\t\t\t\t\t\t<\/div>\n\t\t\t\t<\/div>\n\t\t\t\t<div class=\"elementor-element elementor-element-bfb5c5e elementor-align-center elementor-widget__width-auto elementor-mobile-align-justify elementor-widget-mobile__width-initial elementor-hidden-desktop elementor-hidden-tablet elementor-widget elementor-widget-button\" data-id=\"bfb5c5e\" data-element_type=\"widget\" data-widget_type=\"button.default\">\n\t\t\t\t<div class=\"elementor-widget-container\">\n\t\t\t\t\t<div class=\"elementor-button-wrapper\">\n\t\t\t<a href=\"\/en\/rezervacija-apartma-1\/\" class=\"elementor-button-link elementor-button elementor-size-sm\" role=\"button\">\n\t\t\t\t\t\t<span class=\"elementor-button-content-wrapper\">\n\t\t\t\t\t\t<span class=\"elementor-button-text\">Apartment for 2 - 3 persons<\/span>\n\t\t<\/span>\n\t\t\t\t\t<\/a>\n\t\t<\/div>\n\t\t\t\t<\/div>\n\t\t\t\t<\/div>\n\t\t\t\t<div class=\"elementor-element elementor-element-c6017fc elementor-align-center elementor-widget__width-auto elementor-mobile-align-justify elementor-widget-mobile__width-initial elementor-hidden-desktop elementor-hidden-tablet elementor-widget elementor-widget-button\" data-id=\"c6017fc\" data-element_type=\"widget\" data-widget_type=\"button.default\">\n\t\t\t\t<div class=\"elementor-widget-container\">\n\t\t\t\t\t<div class=\"elementor-button-wrapper\">\n\t\t\t<a href=\"\/en\/rezervacija-apartma-2\/\" class=\"elementor-button-link elementor-button elementor-size-sm\" role=\"button\">\n\t\t\t\t\t\t<span class=\"elementor-button-content-wrapper\">\n\t\t\t\t\t\t<span class=\"elementor-button-text\">Apartment for 4 - 5 persons<\/span>\n\t\t<\/span>\n\t\t\t\t\t<\/a>\n\t\t<\/div>\n\t\t\t\t<\/div>\n\t\t\t\t<\/div>\n\t\t\t\t<div class=\"elementor-element elementor-element-4607147 elementor-align-center elementor-widget__width-auto elementor-mobile-align-justify elementor-widget-mobile__width-initial elementor-hidden-desktop elementor-hidden-tablet elementor-widget elementor-widget-button\" data-id=\"4607147\" data-element_type=\"widget\" data-widget_type=\"button.default\">\n\t\t\t\t<div class=\"elementor-widget-container\">\n\t\t\t\t\t<div class=\"elementor-button-wrapper\">\n\t\t\t<a href=\"\/en\/rezervacija-pastirska-koca-na-pokljuki\/\" class=\"elementor-button-link elementor-button elementor-size-sm\" role=\"button\">\n\t\t\t\t\t\t<span class=\"elementor-button-content-wrapper\">\n\t\t\t\t\t\t<span class=\"elementor-button-text\">Shepherd's cottage Pokljuka<\/span>\n\t\t<\/span>\n\t\t\t\t\t<\/a>\n\t\t<\/div>\n\t\t\t\t<\/div>\n\t\t\t\t<\/div>\n\t\t\t\t<div class=\"elementor-element elementor-element-3d56397 elementor-hidden-mobile e-n-tabs-mobile elementor-widget elementor-widget-n-tabs\" data-id=\"3d56397\" data-element_type=\"widget\" data-widget_type=\"nested-tabs.default\">\n\t\t\t\t<div class=\"elementor-widget-container\">\n\t\t\t\t\t<div class=\"e-n-tabs\">\n\t\t\t<div class=\"e-n-tabs-heading\" role=\"tablist\">\n\t\t\t\t<div id=\"e-n-tabs-title-6431\" class=\"e-n-tab-title e-normal\" aria-selected=\"true\" data-tab=\"1\" role=\"tab\" tabindex=\"0\" aria-controls=\"e-n-tab-content-6431\" aria-expanded=\"false\">\t<span class=\"e-n-tab-icon\"><i aria-hidden=\"true\" class=\"fas fa-chevron-down\"><\/i><i aria-hidden=\"true\" class=\"fas fa-chevron-down\"><\/i><\/span>\t<span class=\"e-n-tab-title-text\">Apartment for 2 - 3 persons<\/span><\/div><div id=\"e-n-tabs-title-6432\" class=\"e-n-tab-title e-normal\" aria-selected=\"false\" data-tab=\"2\" role=\"tab\" tabindex=\"-1\" aria-controls=\"e-n-tab-content-6432\" aria-expanded=\"false\">\t<span class=\"e-n-tab-icon\"><i aria-hidden=\"true\" class=\"fas fa-chevron-down\"><\/i><i aria-hidden=\"true\" class=\"fas fa-chevron-down\"><\/i><\/span>\t<span class=\"e-n-tab-title-text\">Apartment for 4 - 5 persons<\/span><\/div><div id=\"e-n-tabs-title-6433\" class=\"e-n-tab-title e-normal\" aria-selected=\"false\" data-tab=\"3\" role=\"tab\" tabindex=\"-1\" aria-controls=\"e-n-tab-content-6433\" aria-expanded=\"false\">\t<span class=\"e-n-tab-icon\"><i aria-hidden=\"true\" class=\"fas fa-chevron-down\"><\/i><i aria-hidden=\"true\" class=\"fas fa-chevron-down\"><\/i><\/span>\t<span class=\"e-n-tab-title-text\">Shepherd's hut on the Jelje mountain (Pokljuka)<\/span><\/div>\t\t\t<\/div>\n\t\t\t<div class=\"e-n-tabs-content\" role=\"tablist\" aria-orientation=\"vertical\">\n\t\t\t\t<div class=\"e-n-tab-title e-collapse\" aria-selected=\"true\" data-tab=\"1\" role=\"tab\" tabindex=\"0\" aria-controls=\"e-n-tab-content-6431\" aria-expanded=\"false\" id=\"e-n-tabs-title-6431-accordion\">\t<span class=\"e-n-tab-icon\"><i aria-hidden=\"true\" class=\"fas fa-chevron-down\"><\/i><i aria-hidden=\"true\" class=\"fas fa-chevron-down\"><\/i><\/span>\t<span class=\"e-n-tab-title-text\">Apartment for 2 - 3 persons<\/span><\/div><div class=\"elementor-element elementor-element-cf25bf6 e-con-full e-con\" data-id=\"cf25bf6\" data-element_type=\"container\" data-settings=\"{&quot;content_width&quot;:&quot;full&quot;}\">\n\t\t<div class=\"elementor-element elementor-element-09e7f3f e-con-boxed e-con\" data-id=\"09e7f3f\" data-element_type=\"container\" data-settings=\"{&quot;content_width&quot;:&quot;boxed&quot;}\">\n\t\t\t\t\t<div class=\"e-con-inner\">\n\t\t<div class=\"elementor-element elementor-element-00dd8d8 e-con-full e-con\" data-id=\"00dd8d8\" data-element_type=\"container\" data-settings=\"{&quot;content_width&quot;:&quot;full&quot;}\">\n\t\t\t\t<div class=\"elementor-element elementor-element-2ebd5c4 elementor-widget elementor-widget-html\" data-id=\"2ebd5c4\" data-element_type=\"widget\" data-widget_type=\"html.default\">\n\t\t\t\t<div class=\"elementor-widget-container\">\n\t\t\t<script src=\"\/\/www.bentral.com\/service\/embed\/booking.js?id=5f4455784e775f4e&unit=5f5441344f54634d&title=1&width=full&poweredby=0&key=9b9a1b6a2f5fe5bb8c80371afd959eed\"><\/script>\t\t<\/div>\n\t\t\t\t<\/div>\n\t\t\t\t<\/div>\n\t\t<div class=\"elementor-element elementor-element-e58b579 e-con-full e-con\" data-id=\"e58b579\" data-element_type=\"container\" data-settings=\"{&quot;content_width&quot;:&quot;full&quot;}\">\n\t\t\t\t<div class=\"elementor-element elementor-element-3d812de elementor-widget elementor-widget-html\" data-id=\"3d812de\" data-element_type=\"widget\" data-widget_type=\"html.default\">\n\t\t\t\t<div class=\"elementor-widget-container\">\n\t\t\t<script src=\"\/\/www.bentral.com\/service\/embed\/calendar.js?uid=5f5441344f54634d&title=0&months=2&cols=2&last=true&width=full&poweredby=0&key=9b9a1b6a2f5fe5bb8c80371afd959eed\"><\/script>\t\t<\/div>\n\t\t\t\t<\/div>\n\t\t\t\t<div class=\"elementor-element elementor-element-588b7d0 elementor-widget elementor-widget-html\" data-id=\"588b7d0\" data-element_type=\"widget\" data-widget_type=\"html.default\">\n\t\t\t\t<div class=\"elementor-widget-container\">\n\t\t\t<script src=\"\/\/www.bentral.com\/service\/embed\/price-list.js?uid=5f5441344f54634d&id=5f4455784e775f4e&width=full&poweredby=0&key=9b9a1b6a2f5fe5bb8c80371afd959eed\"><\/script>\t\t<\/div>\n\t\t\t\t<\/div>\n\t\t\t\t<\/div>\n\t\t\t\t\t<\/div>\n\t\t\t\t<\/div>\n\t\t\t\t<\/div>\n\t\t<div class=\"e-n-tab-title e-collapse\" aria-selected=\"false\" data-tab=\"2\" role=\"tab\" tabindex=\"-1\" aria-controls=\"e-n-tab-content-6432\" aria-expanded=\"false\" id=\"e-n-tabs-title-6432-accordion\">\t<span class=\"e-n-tab-icon\"><i aria-hidden=\"true\" class=\"fas fa-chevron-down\"><\/i><i aria-hidden=\"true\" class=\"fas fa-chevron-down\"><\/i><\/span>\t<span class=\"e-n-tab-title-text\">Apartment for 4 - 5 persons<\/span><\/div><div class=\"elementor-element elementor-element-164abae e-con-full e-con\" data-id=\"164abae\" data-element_type=\"container\" data-settings=\"{&quot;content_width&quot;:&quot;full&quot;}\">\n\t\t<div class=\"elementor-element elementor-element-09ff248 e-con-boxed e-con\" data-id=\"09ff248\" data-element_type=\"container\" data-settings=\"{&quot;content_width&quot;:&quot;boxed&quot;}\">\n\t\t\t\t\t<div class=\"e-con-inner\">\n\t\t<div class=\"elementor-element elementor-element-cca3c5a e-con-full e-con\" data-id=\"cca3c5a\" data-element_type=\"container\" data-settings=\"{&quot;content_width&quot;:&quot;full&quot;}\">\n\t\t\t\t<div class=\"elementor-element elementor-element-efdec65 elementor-widget elementor-widget-html\" data-id=\"efdec65\" data-element_type=\"widget\" data-widget_type=\"html.default\">\n\t\t\t\t<div class=\"elementor-widget-container\">\n\t\t\t<script src=\"\/\/www.bentral.com\/service\/embed\/booking.js?id=5f4455784e775f4e&unit=5f5441344f54674d&title=1&width=full&poweredby=0&key=9b9a1b6a2f5fe5bb8c80371afd959eed\"><\/script>\t\t<\/div>\n\t\t\t\t<\/div>\n\t\t\t\t<\/div>\n\t\t<div class=\"elementor-element elementor-element-4cfe86d e-con-full e-con\" data-id=\"4cfe86d\" data-element_type=\"container\" data-settings=\"{&quot;content_width&quot;:&quot;full&quot;}\">\n\t\t\t\t<div class=\"elementor-element elementor-element-c86c52d elementor-widget elementor-widget-html\" data-id=\"c86c52d\" data-element_type=\"widget\" data-widget_type=\"html.default\">\n\t\t\t\t<div class=\"elementor-widget-container\">\n\t\t\t<script src=\"\/\/www.bentral.com\/service\/embed\/calendar.js?uid=5f5441344f54674d&title=0&months=2&cols=2&last=true&width=full&poweredby=0&key=9b9a1b6a2f5fe5bb8c80371afd959eed\"><\/script>\t\t<\/div>\n\t\t\t\t<\/div>\n\t\t\t\t<div class=\"elementor-element elementor-element-721257e elementor-widget elementor-widget-html\" data-id=\"721257e\" data-element_type=\"widget\" data-widget_type=\"html.default\">\n\t\t\t\t<div class=\"elementor-widget-container\">\n\t\t\t<script src=\"\/\/www.bentral.com\/service\/embed\/price-list.js?uid=5f5441344f54674d&id=5f4455784e775f4e&width=full&poweredby=0&key=9b9a1b6a2f5fe5bb8c80371afd959eed\"><\/script>\t\t<\/div>\n\t\t\t\t<\/div>\n\t\t\t\t<\/div>\n\t\t\t\t\t<\/div>\n\t\t\t\t<\/div>\n\t\t\t\t<\/div>\n\t\t<div class=\"e-n-tab-title e-collapse\" aria-selected=\"false\" data-tab=\"3\" role=\"tab\" tabindex=\"-1\" aria-controls=\"e-n-tab-content-6433\" aria-expanded=\"false\" id=\"e-n-tabs-title-6433-accordion\">\t<span class=\"e-n-tab-icon\"><i aria-hidden=\"true\" class=\"fas fa-chevron-down\"><\/i><i aria-hidden=\"true\" class=\"fas fa-chevron-down\"><\/i><\/span>\t<span class=\"e-n-tab-title-text\">Shepherd's hut on the Jelje mountain (Pokljuka)<\/span><\/div><div class=\"elementor-element elementor-element-eeb416a e-con-full e-con\" data-id=\"eeb416a\" data-element_type=\"container\" data-settings=\"{&quot;content_width&quot;:&quot;full&quot;}\">\n\t\t<div class=\"elementor-element elementor-element-70e489d e-con-boxed e-con\" data-id=\"70e489d\" data-element_type=\"container\" data-settings=\"{&quot;content_width&quot;:&quot;boxed&quot;}\">\n\t\t\t\t\t<div class=\"e-con-inner\">\n\t\t<div class=\"elementor-element elementor-element-abe5186 e-con-full e-con\" data-id=\"abe5186\" data-element_type=\"container\" data-settings=\"{&quot;content_width&quot;:&quot;full&quot;}\">\n\t\t\t\t<div class=\"elementor-element elementor-element-013197b elementor-widget elementor-widget-html\" data-id=\"013197b\" data-element_type=\"widget\" data-widget_type=\"html.default\">\n\t\t\t\t<div class=\"elementor-widget-container\">\n\t\t\t<script src=\"\/\/www.bentral.com\/service\/embed\/booking.js?id=5f4455794e675f4e&title=1&width=full&poweredby=0&key=9b9a1b6a2f5fe5bb8c80371afd959eed\"><\/script>\t\t<\/div>\n\t\t\t\t<\/div>\n\t\t\t\t<\/div>\n\t\t<div class=\"elementor-element elementor-element-ef99e68 e-con-full e-con\" data-id=\"ef99e68\" data-element_type=\"container\" data-settings=\"{&quot;content_width&quot;:&quot;full&quot;}\">\n\t\t\t\t<div class=\"elementor-element elementor-element-446d395 elementor-widget elementor-widget-html\" data-id=\"446d395\" data-element_type=\"widget\" data-widget_type=\"html.default\">\n\t\t\t\t<div class=\"elementor-widget-container\">\n\t\t\t<script src=\"\/\/www.bentral.com\/service\/embed\/calendar.js?uid=5f5441354d54454d&title=0&months=2&cols=2&last=true&width=full&poweredby=0&key=9b9a1b6a2f5fe5bb8c80371afd959eed\"><\/script>\t\t<\/div>\n\t\t\t\t<\/div>\n\t\t\t\t<div class=\"elementor-element elementor-element-30d3a33 elementor-widget elementor-widget-html\" data-id=\"30d3a33\" data-element_type=\"widget\" data-widget_type=\"html.default\">\n\t\t\t\t<div class=\"elementor-widget-container\">\n\t\t\t<script src=\"\/\/www.bentral.com\/service\/embed\/price-list.js?uid=5f5441354d54454d&id=5f4455794e675f4e&width=full&poweredby=0&key=9b9a1b6a2f5fe5bb8c80371afd959eed\"><\/script>\t\t<\/div>\n\t\t\t\t<\/div>\n\t\t\t\t<\/div>\n\t\t\t\t\t<\/div>\n\t\t\t\t<\/div>\n\t\t\t\t<\/div>\n\t\t\t\t\t<\/div>\n\t\t<\/div>\n\t\t\t\t<\/div>\n\t\t\t\t<\/div>\n\t\t\t\t\t<\/div>\n\t\t<\/div>\n\t\t\t\t\t\t\t<\/div>\n\t\t<\/section>\n\t\t\t\t\t\t\t<\/div>","protected":false},"excerpt":{"rendered":"<p>Rezervacije Rezervirajte bivanje \u0161e danes in izkusite pristno bohinjsko \u017eivljenje! Po oddani rezervaciji, vam bomo v \u010dimkraj\u0161em \u010dasu poslali elektronsko po\u0161to s potrditvijo in podrobnostmi rezervacije. Za vsa vpra\u0161anja smo vam na voljo po elektronski po\u0161ti apartma.jost@siol.net ali na telefonu +386 (0)51 357 463. Izberite namestitev: Apartma za 2 &#8211; 3 osebe Dru\u017einski apartma za &hellip;<\/p>\n<p class=\"read-more\"> <a class=\"\" href=\"https:\/\/jost-apartmaji.si\/en\/reservations\/\"> <span class=\"screen-reader-text\">Reservations<\/span> Read More &raquo;<\/a><\/p>","protected":false},"author":1,"featured_media":0,"parent":0,"menu_order":0,"comment_status":"closed","ping_status":"closed","template":"","meta":{"site-sidebar-layout":"no-sidebar","site-content-layout":"page-builder","ast-global-header-display":"","ast-main-header-display":"","ast-hfb-above-header-display":"","ast-hfb-below-header-display":"","ast-hfb-mobile-header-display":"","site-post-title":"disabled","ast-breadcrumbs-content":"","ast-featured-img":"disabled","footer-sml-layout":"","theme-transparent-header-meta":"","adv-header-id-meta":"","stick-header-meta":"","header-above-stick-meta":"","header-main-stick-meta":"","header-below-stick-meta":"","footnotes":""},"class_list":["post-3590","page","type-page","status-publish","hentry"],"_links":{"self":[{"href":"https:\/\/jost-apartmaji.si\/en\/wp-json\/wp\/v2\/pages\/3590","targetHints":{"allow":["GET"]}}],"collection":[{"href":"https:\/\/jost-apartmaji.si\/en\/wp-json\/wp\/v2\/pages"}],"about":[{"href":"https:\/\/jost-apartmaji.si\/en\/wp-json\/wp\/v2\/types\/page"}],"author":[{"embeddable":true,"href":"https:\/\/jost-apartmaji.si\/en\/wp-json\/wp\/v2\/users\/1"}],"replies":[{"embeddable":true,"href":"https:\/\/jost-apartmaji.si\/en\/wp-json\/wp\/v2\/comments?post=3590"}],"version-history":[{"count":13,"href":"https:\/\/jost-apartmaji.si\/en\/wp-json\/wp\/v2\/pages\/3590\/revisions"}],"predecessor-version":[{"id":3603,"href":"https:\/\/jost-apartmaji.si\/en\/wp-json\/wp\/v2\/pages\/3590\/revisions\/3603"}],"wp:attachment":[{"href":"https:\/\/jost-apartmaji.si\/en\/wp-json\/wp\/v2\/media?parent=3590"}],"curies":[{"name":"wp","href":"https:\/\/api.w.org\/{rel}","templated":true}]}}