{"id":3,"date":"2023-01-31T09:50:00","date_gmt":"2023-01-31T09:50:00","guid":{"rendered":"https:\/\/jost.moj-it.si\/?page_id=3"},"modified":"2025-06-10T13:23:44","modified_gmt":"2025-06-10T13:23:44","slug":"privacy-policy","status":"publish","type":"page","link":"https:\/\/jost-apartmaji.si\/en\/privacy-policy\/","title":{"rendered":"Cookies"},"content":{"rendered":"<div data-elementor-type=\"wp-page\" data-elementor-id=\"3\" class=\"elementor elementor-3\">\n\t\t\t\t\t\t\t\t\t<section class=\"elementor-section elementor-top-section elementor-element elementor-element-176b4d7d elementor-section-boxed elementor-section-height-default elementor-section-height-default\" data-id=\"176b4d7d\" data-element_type=\"section\">\n\t\t\t\t\t\t<div class=\"elementor-container elementor-column-gap-default\">\n\t\t\t\t\t<div class=\"elementor-column elementor-col-100 elementor-top-column elementor-element elementor-element-22980e89\" data-id=\"22980e89\" data-element_type=\"column\">\n\t\t\t<div class=\"elementor-widget-wrap elementor-element-populated\">\n\t\t\t\t\t\t\t\t<div class=\"elementor-element elementor-element-8b16a4f elementor-widget elementor-widget-text-editor\" data-id=\"8b16a4f\" data-element_type=\"widget\" data-widget_type=\"text-editor.default\">\n\t\t\t\t<div class=\"elementor-widget-container\">\n\t\t\t<style>\/*! elementor - v3.10.2 - 29-01-2023 *\/\n.elementor-widget-text-editor.elementor-drop-cap-view-stacked .elementor-drop-cap{background-color:#818a91;color:#fff}.elementor-widget-text-editor.elementor-drop-cap-view-framed .elementor-drop-cap{color:#818a91;border:3px solid;background-color:transparent}.elementor-widget-text-editor:not(.elementor-drop-cap-view-default) .elementor-drop-cap{margin-top:8px}.elementor-widget-text-editor:not(.elementor-drop-cap-view-default) .elementor-drop-cap-letter{width:1em;height:1em}.elementor-widget-text-editor .elementor-drop-cap{float:left;text-align:center;line-height:1;font-size:50px}.elementor-widget-text-editor .elementor-drop-cap-letter{display:inline-block}<\/style>\t\t\t\t<p><strong>1. What are cookies?<\/strong><\/p>\n<p>Cookies are small text files that are stored on your computer, phone or other device when you visit a website. They are used to provide a better user experience, analyze website usage, and enable certain functions to function.<\/p>\t\t\t\t\t\t<\/div>\n\t\t\t\t<\/div>\n\t\t\t\t<div class=\"elementor-element elementor-element-6d514d9d elementor-widget elementor-widget-text-editor\" data-id=\"6d514d9d\" data-element_type=\"widget\" data-widget_type=\"text-editor.default\">\n\t\t\t\t<div class=\"elementor-widget-container\">\n\t\t\t\t\t\t\t<p><strong>2. What cookies do we use?<\/strong><\/p>\n<p>We use the following types of cookies on the jost-apartmaji.si website:<\/p>\n<p>Strictly necessary cookies: These cookies are essential for the website to function (e.g., to remember selected privacy settings, securely submit forms, etc.). Without these cookies, the website does not function properly.<\/p>\n<p>Analytical cookies (e.g., Google Analytics): They are used to collect anonymous information about website usage (e.g., number of visitors, subpages visited). Based on this data, we improve the functionality and content of the website. These cookies are only loaded with your consent.<\/p>\n<p>Functional cookies: They provide a better user experience (e.g., remembering language or settings on your next visit). They are only used with your consent.<\/p>\t\t\t\t\t\t<\/div>\n\t\t\t\t<\/div>\n\t\t\t\t<div class=\"elementor-element elementor-element-62a12c7 elementor-widget elementor-widget-text-editor\" data-id=\"62a12c7\" data-element_type=\"widget\" data-widget_type=\"text-editor.default\">\n\t\t\t\t<div class=\"elementor-widget-container\">\n\t\t\t\t\t\t\t<p><strong>3. Cookie Management<\/strong><\/p>\n<p>When you first visit the website, you will be able to choose which cookies you want to allow. You can change your selection at any time by clicking on the \"Cookie Settings\" link (we recommend including it in the footer of the website).<\/p>\n<p>Most web browsers also allow you to manually change your cookie settings or delete them. Instructions for this can be found in the \"help\" section of your browser.<\/p>\t\t\t\t\t\t<\/div>\n\t\t\t\t<\/div>\n\t\t\t\t<div class=\"elementor-element elementor-element-92da5a1 elementor-widget elementor-widget-text-editor\" data-id=\"92da5a1\" data-element_type=\"widget\" data-widget_type=\"text-editor.default\">\n\t\t\t\t<div class=\"elementor-widget-container\">\n\t\t\t\t\t\t\t<p><strong>4. Use of third-party tools<\/strong><\/p>\n<p>The website may include third-party services (e.g. Google Maps plug-ins, analytics, contact forms), which may use their own cookies with your consent. For more information, please check the privacy policies of these providers.<\/p>\t\t\t\t\t\t<\/div>\n\t\t\t\t<\/div>\n\t\t\t\t<div class=\"elementor-element elementor-element-368aeb7 elementor-widget elementor-widget-text-editor\" data-id=\"368aeb7\" data-element_type=\"widget\" data-widget_type=\"text-editor.default\">\n\t\t\t\t<div class=\"elementor-widget-container\">\n\t\t\t\t\t\t\t<p><strong>Contact<\/strong><\/p>\n<p>Upravljavec spletne strani:<br \/>Website operator:<br \/>Stara Fu\u017eina 183, 4265 Bohinj<br \/>apartma.jost@siol.net<\/p>\t\t\t\t\t\t<\/div>\n\t\t\t\t<\/div>\n\t\t\t\t\t<\/div>\n\t\t<\/div>\n\t\t\t\t\t\t\t<\/div>\n\t\t<\/section>\n\t\t\t\t\t\t\t<\/div>","protected":false},"excerpt":{"rendered":"<p>1. Kaj so pi\u0161kotki? Pi\u0161kotki so majhne besedilne datoteke, ki se ob obisku spletne strani shranijo na va\u0161 ra\u010dunalnik, telefon ali drugo napravo. Uporabljajo se za zagotavljanje bolj\u0161e uporabni\u0161ke izku\u0161nje, analizo uporabe spletne strani ter omogo\u010danje delovanja dolo\u010denih funkcij. 2. Katere pi\u0161kotke uporabljamo? Na spletni strani jost-apartmaji.si uporabljamo naslednje vrste pi\u0161kotkov: Nujno potrebni pi\u0161kotki: Ti &hellip;<\/p>\n<p class=\"read-more\"> <a class=\"\" href=\"https:\/\/jost-apartmaji.si\/en\/privacy-policy\/\"> <span class=\"screen-reader-text\">Cookies<\/span> Read More &raquo;<\/a><\/p>","protected":false},"author":1,"featured_media":0,"parent":0,"menu_order":0,"comment_status":"closed","ping_status":"open","template":"","meta":{"site-sidebar-layout":"default","site-content-layout":"default","ast-global-header-display":"","ast-main-header-display":"","ast-hfb-above-header-display":"","ast-hfb-below-header-display":"","ast-hfb-mobile-header-display":"","site-post-title":"","ast-breadcrumbs-content":"","ast-featured-img":"","footer-sml-layout":"","theme-transparent-header-meta":"","adv-header-id-meta":"","stick-header-meta":"","header-above-stick-meta":"","header-main-stick-meta":"","header-below-stick-meta":"","footnotes":""},"class_list":["post-3","page","type-page","status-publish","hentry"],"_links":{"self":[{"href":"https:\/\/jost-apartmaji.si\/en\/wp-json\/wp\/v2\/pages\/3","targetHints":{"allow":["GET"]}}],"collection":[{"href":"https:\/\/jost-apartmaji.si\/en\/wp-json\/wp\/v2\/pages"}],"about":[{"href":"https:\/\/jost-apartmaji.si\/en\/wp-json\/wp\/v2\/types\/page"}],"author":[{"embeddable":true,"href":"https:\/\/jost-apartmaji.si\/en\/wp-json\/wp\/v2\/users\/1"}],"replies":[{"embeddable":true,"href":"https:\/\/jost-apartmaji.si\/en\/wp-json\/wp\/v2\/comments?post=3"}],"version-history":[{"count":3,"href":"https:\/\/jost-apartmaji.si\/en\/wp-json\/wp\/v2\/pages\/3\/revisions"}],"predecessor-version":[{"id":3441,"href":"https:\/\/jost-apartmaji.si\/en\/wp-json\/wp\/v2\/pages\/3\/revisions\/3441"}],"wp:attachment":[{"href":"https:\/\/jost-apartmaji.si\/en\/wp-json\/wp\/v2\/media?parent=3"}],"curies":[{"name":"wp","href":"https:\/\/api.w.org\/{rel}","templated":true}]}}